
{"id":322,"date":"2022-11-20T15:59:36","date_gmt":"2022-11-20T14:59:36","guid":{"rendered":"http:\/\/149.202.174.129\/?page_id=322"},"modified":"2022-11-27T12:11:05","modified_gmt":"2022-11-27T11:11:05","slug":"privacy","status":"publish","type":"page","link":"https:\/\/www.rhs.it\/index.php\/privacy\/","title":{"rendered":"privacy"},"content":{"rendered":"<div class=\"\" style=\"\" >\n    \n    <section class=\"u-clearfix u-palette-5-light-3 u-section-2\" id=\"sec-bd9a\">\n      <div class=\"u-clearfix u-sheet u-valign-top-sm u-sheet-1\">\n        <div class=\"u-black u-container-style u-expanded-width u-group u-opacity u-opacity-65 u-shape-rectangle u-group-1\">\n          <div class=\"u-container-layout u-valign-middle u-container-layout-1\">\n            <h2 class=\"u-align-center u-text u-text-default u-text-palette-3-base u-text-1\">Informativa sulla privacy<\/h2>\n          <\/div>\n        <\/div>\n        <p class=\"u-text u-text-2\"> &nbsp; &nbsp; &nbsp;Ai sensi e per gli effetti di cui all\u2019<span style=\"font-weight: 700;\">art. 13, del Regolamento UE 2016\/679<\/span> relativo alla protezione delle persone fisiche con riguardo al trattamento dei dati personali, nonch\u00e9 alla libera circolazione di tali dati e che abroga la <span style=\"font-weight: 700;\">direttiva 95\/46\/CE.<\/span>\n          <br>\n          <br>&nbsp; &nbsp; &nbsp;Gentile&nbsp;utente desideriamo informarLa che il <span style=\"font-weight: 700;\">Regolamento Europeo n. 679 del 27 aprile 2016<\/span> sul trattamento dei dati personali prevede la tutela delle persone fisiche con riguardo al trattamento dei dati personali. Ai sensi dell'<span style=\"font-weight: 700;\">articolo 13 del REG. UE 2016\/679<\/span>, La invitiamo, pertanto, a prendere atto della informativa e ad esprimere il consenso al trattamento dei dati, firmando e restituendo l\u2019allegata scheda.&nbsp;<br>&nbsp; &nbsp; &nbsp;Il TItolare del trattamento dei dati \u00e8 la ditta <span style=\"font-weight: 700;\">RHS s.r.l<\/span>. con sede a Riesi (CL) in via Alcide de Gasperi 4, di cui DPO <span style=\"font-weight: 700;\">Riccobene Vincenzo<\/span>.<br>&nbsp; &nbsp; &nbsp;&nbsp;Il trattamento dei dati personali forniti \u00e8 finalizzato unicamente a :&nbsp;<br>a) esecuzione del contratto;&nbsp;<br>b) adempimento di obblighi previsti da leggi connessi al rapporto contrattuale;&nbsp;<br>c) gestione del contratto, ad esempio rapporti con agenti, rappresentanti, committenti e\/o appaltatori;&nbsp;<br>d) eventuali collaborazioni professionali esterne per l\u2019adempimento degli obblighi di legge;&nbsp;<br>e) tutela dei diritti contrattuali;&nbsp;<br>f) analisi statistiche interne;&nbsp;<br>g) attivit\u00e0 di marketing attraverso l\u2019invio di materiale promozionale e pubblicitario inerente prodotti o servizi analoghi a quelli oggetto del rapporto commerciale in essere.<br>\n          <br>&nbsp; &nbsp; &nbsp;I dati personali verranno trattati in forma cartacea, informatizzata e telematica ed inseriti nelle pertinenti banche dati cui potranno accedere gli incaricati al trattamento dei dati. Il trattamento potr\u00e0 anche essere effettuato da terzi che forniscono specifici servizi elaborativi, amministrativi o strumentali necessari per il raggiungimento delle finalit\u00e0 di cui sopra. Tutte le operazioni di trattamento dei dati sono attuate in modo da garantire l\u2019integrit\u00e0, la riservatezza e la disponibilit\u00e0 dei dati personali.&nbsp;<br>\n          <br>&nbsp; &nbsp; &nbsp;In relazione alle finalit\u00e0 indicate su, i dati potranno essere comunicati ai seguenti soggetti (a mero titolo esemplificativo) : aziende, istituti bancari per la gestione di incassi e pagamenti; amministrazioni finanziarie o istituti pubblici in adempimento di obblighi normativi; societ\u00e0 e studi legali per la tutela dei diritti contrattuali; agenti, rappresentanti; committente e\/o appaltatore nell\u2019ambito del contratto di appalto\/subappalto.\n        <\/p>\n        <div class=\"u-black u-container-style u-expanded-width u-group u-opacity u-opacity-65 u-shape-rectangle u-group-2\">\n          <div class=\"u-container-layout u-valign-middle-lg u-valign-middle-md u-valign-middle-sm u-valign-middle-xl u-container-layout-2\">\n            <h2 class=\"u-align-center u-text u-text-default-lg u-text-default-md u-text-default-xl u-text-palette-3-base u-text-3\"> Diritti di cui agli art. 15, 16, 17 1\u200b8, 20, 21 \u200b\u200be 22 del REG. UE 2016\u200b\/679<\/h2>\n          <\/div>\n        <\/div>\n        <p class=\"u-align-justify u-text u-text-4\">&nbsp; &nbsp; La informiamo che in qualit\u00e0 di interessato ha inoltre il diritto di proporre reclamo a all\u2019Autorit\u00e0 di controllo, i diritti qui sotto elencati, che potr\u00e0 far valere rivolgendo apposita richiesta al Titolare del trattamento e\/o al responsabile del trattamento, come suindicati.<br>\n          <span style=\"font-weight: 700;\">Art. 15<\/span>-Diritto di accesso L\u2019interessato ha il diritto di ottenere dal titolare del trattamento la conferma che sia o meno in corso un trattamento di dati personali che lo riguardano e in tal caso, di ottenere l\u2019accesso ai dati personali e alle informazioni riguardanti il trattamento.<br>\n          <span style=\"font-weight: 700;\">Art. 16<\/span> - Diritto di rettifica L'interessato ha il diritto di ottenere dal titolare del trattamento la rettifica dei dati personali inesatti che lo riguardano senza ingiustificato ritardo. Tenuto conto delle finalit\u00e0 del trattamento, l'interessato ha il diritto di ottenere l'integrazione dei dati personali incompleti, anche fornendo una dichiarazione integrativa.<br>\n          <span style=\"font-weight: 700;\">Art. 17<\/span> - Diritto alla cancellazione (diritto all\u2019oblio) L'interessato ha il diritto di ottenere dal titolare del trattamento la cancellazione dei dati personali che lo riguardano senza ingiustificato ritardo e il titolare del trattamento ha l'obbligo di cancellare senza ingiustificato ritardo i dati personali.<br>\n          <span style=\"font-weight: 700;\">Art. 18<\/span> - Diritto di limitazione del trattamento L'interessato ha il diritto di ottenere dal titolare del trattamento la limitazione del trattamento quando ricorre una delle seguenti ipotesi: a) l'interessato contesta l'esattezza dei dati personali, per il periodo necessario al titolare del trattamento per verificare l'esattezza di tali dati personali; b) il trattamento \u00e8 illecito e l'interessato si oppone alla cancellazione dei dati personali e chiede invece che ne sia limitato l'utilizzo; c) bench\u00e9 il titolare del trattamento non ne abbia pi\u00f9 bisogno ai fini del trattamento, i dati personali sono necessari all'interessato per l'accertamento, l'esercizio o la difesa di un diritto in sede giudiziaria; d) l'interessato si \u00e8 opposto al trattamento ai sensi dell'articolo 21, paragrafo 1, in attesa della verifica in merito all'eventuale prevalenza dei motivi legittimi del titolare del trattamento rispetto a quelli dell'interessato.<br>\n          <span style=\"font-weight: 700;\">Art. 20<\/span> - Diritto alla portabilit\u00e0 dei dati L'interessato ha il diritto di ricevere in un formato strutturato, di uso comune e leggibile da dispositivo automatico i dati personali che lo riguardano forniti a un titolare del trattamento e ha il diritto di trasmettere tali dati a un altro titolare del trattamento senza impedimenti da parte del titolare del trattamento cui li ha forniti. Nell'esercitare i propri diritti relativamente alla portabilit\u00e0 dei dati a norma del paragrafo 1, l'interessato ha il diritto di ottenere la trasmissione diretta dei dati personali da un titolare del trattamento all'altro, se tecnicamente fattibile.<br>\n          <span style=\"font-weight: 700;\">Art. 21<\/span> - Diritto di opposizione L'interessato ha il diritto di opporsi in qualsiasi momento, per motivi connessi alla sua situazione particolare, al trattamento dei dati personali che lo riguardano ai sensi dell'articolo 6, paragrafo 1, lettere e) o f), compresa la profilazione sulla base di tali disposizioni.<br>\n          <span style=\"font-weight: 700;\">Art. 22<\/span> - Diritto di non essere sottoposto a processo decisionale automatizzato, compresa la profilazione L'interessato ha il diritto di non essere sottoposto a una decisione basata unicamente sul trattamento automatizzato, compresa la profilazione, che produca effetti giuridici che lo riguardano o che incida in modo analogo significativamente sulla sua persona.<br><b>\n            <span class=\"u-text-palette-3-base\">\n              <br>\n              <span style=\"font-size: 1rem;\">CONSENSO AL TRATTAMENTO DEI DATI PERSONALI REGOLAMENTO (UE) 2016\/679<\/span>\n            <\/span><\/b>\n          <span class=\"u-text-palette-3-base\">\n            <br>\n          <\/span>\n          <br><b>&nbsp; &nbsp; &nbsp; &nbsp; &nbsp; &nbsp;&nbsp;<span style=\"font-weight: 400;\">Il sottoscritto dichiara di avere ricevuto le informazioni di cui all\u2019<span style=\"font-weight: 700;\">art. 13 del Regolamento UE 2016\/679<\/span>, in particolare riguardo ai diritti riconosciuti dal <span style=\"font-weight: 700;\">Regolamento UE 2016\/679<\/span> e di acconsentire, ai sensi e per gli effetti dell\u2019art. 7 e ss. del Regolamento, al trattamento dei dati personali, anche particolari, con le modalit\u00e0 e per le finalit\u00e0 indicate nella informativa stessa, comunque strettamente connesse e strumentali alla gestione delle finalit\u00e0 di cui al punto 2 dell\u2019informativa.\n            <\/span><\/b>\n          <br>\n        <\/p>\n      <\/div>\n    <\/section>\n    \n    \n    \n  \n<\/div>","protected":false},"excerpt":{"rendered":"<p>Informativa sulla privacy &nbsp; &nbsp; &nbsp;Ai sensi e per gli effetti di cui all\u2019art. 13, del Regolamento UE 2016\/679 relativo alla protezione delle persone fisiche con riguardo al trattamento dei dati personali, nonch\u00e9 alla libera circolazione di tali dati e che abroga la direttiva 95\/46\/CE. &nbsp; &nbsp; &nbsp;Gentile&nbsp;utente desideriamo informarLa che il Regolamento Europeo n. [&hellip;]<\/p>\n","protected":false},"author":4,"featured_media":0,"parent":0,"menu_order":0,"comment_status":"closed","ping_status":"closed","template":"","meta":{"footnotes":""},"class_list":["post-322","page","type-page","status-publish","hentry"],"_links":{"self":[{"href":"https:\/\/www.rhs.it\/index.php\/wp-json\/wp\/v2\/pages\/322","targetHints":{"allow":["GET"]}}],"collection":[{"href":"https:\/\/www.rhs.it\/index.php\/wp-json\/wp\/v2\/pages"}],"about":[{"href":"https:\/\/www.rhs.it\/index.php\/wp-json\/wp\/v2\/types\/page"}],"author":[{"embeddable":true,"href":"https:\/\/www.rhs.it\/index.php\/wp-json\/wp\/v2\/users\/4"}],"replies":[{"embeddable":true,"href":"https:\/\/www.rhs.it\/index.php\/wp-json\/wp\/v2\/comments?post=322"}],"version-history":[{"count":13,"href":"https:\/\/www.rhs.it\/index.php\/wp-json\/wp\/v2\/pages\/322\/revisions"}],"predecessor-version":[{"id":551,"href":"https:\/\/www.rhs.it\/index.php\/wp-json\/wp\/v2\/pages\/322\/revisions\/551"}],"wp:attachment":[{"href":"https:\/\/www.rhs.it\/index.php\/wp-json\/wp\/v2\/media?parent=322"}],"curies":[{"name":"wp","href":"https:\/\/api.w.org\/{rel}","templated":true}]}}